{"id":1067,"date":"2015-12-14T00:00:00","date_gmt":"2015-12-14T00:00:00","guid":{"rendered":"http:\/\/rex-club-sauna.fr\/nimes\/awpcp\/show-ad\/"},"modified":"2019-04-19T15:46:40","modified_gmt":"2019-04-19T13:46:40","slug":"montrer-lannonce","status":"publish","type":"page","link":"https:\/\/rex-club-sauna.fr\/nimes\/another-wordpress-classifieds-plugin\/montrer-lannonce\/","title":{"rendered":"Montrer l&rsquo;annonce"},"content":{"rendered":"<div class=\"awpcp-message awpcp-error notice notice-error error\"><p>Aucun ID d'annonce n'a \u00e9t\u00e9 sp\u00e9cifi\u00e9. Retournez \u00e0 <a href=\"https:\/\/rex-club-sauna.fr\/nimes\/another-wordpress-classifieds-plugin\/parcourir-les-annonces\">, parcourez toutes les annonces {\/ browse_listings_link}.<\/p><\/div>\n","protected":false},"excerpt":{"rendered":"","protected":false},"author":1,"featured_media":0,"parent":1066,"menu_order":0,"comment_status":"closed","ping_status":"closed","template":"","meta":{"footnotes":""},"acf":[],"yoast_head":"<!-- This site is optimized with the Yoast SEO plugin v21.4 - https:\/\/yoast.com\/wordpress\/plugins\/seo\/ -->\n<title>Montrer l&#039;annonce - Rex Club Sauna<\/title>\n<meta name=\"robots\" content=\"index, follow, max-snippet:-1, max-image-preview:large, max-video-preview:-1\" \/>\n<link rel=\"canonical\" href=\"https:\/\/rex-club-sauna.fr\/nimes\/another-wordpress-classifieds-plugin\/montrer-lannonce\/\" \/>\n<meta property=\"og:locale\" content=\"fr_FR\" \/>\n<meta property=\"og:type\" content=\"article\" \/>\n<meta property=\"og:title\" content=\"Montrer l&#039;annonce - Rex Club Sauna\" \/>\n<meta property=\"og:url\" content=\"https:\/\/rex-club-sauna.fr\/nimes\/another-wordpress-classifieds-plugin\/montrer-lannonce\/\" \/>\n<meta property=\"og:site_name\" content=\"Rex Club Sauna\" \/>\n<meta property=\"article:modified_time\" content=\"2019-04-19T13:46:40+00:00\" \/>\n<meta name=\"twitter:card\" content=\"summary_large_image\" \/>\n<script type=\"application\/ld+json\" class=\"yoast-schema-graph\">{\"@context\":\"https:\/\/schema.org\",\"@graph\":[{\"@type\":\"WebPage\",\"@id\":\"https:\/\/rex-club-sauna.fr\/nimes\/another-wordpress-classifieds-plugin\/montrer-lannonce\/\",\"url\":\"https:\/\/rex-club-sauna.fr\/nimes\/another-wordpress-classifieds-plugin\/montrer-lannonce\/\",\"name\":\"Montrer l'annonce - Rex Club Sauna\",\"isPartOf\":{\"@id\":\"https:\/\/rex-club-sauna.fr\/nimes\/#website\"},\"datePublished\":\"2015-12-14T00:00:00+00:00\",\"dateModified\":\"2019-04-19T13:46:40+00:00\",\"breadcrumb\":{\"@id\":\"https:\/\/rex-club-sauna.fr\/nimes\/another-wordpress-classifieds-plugin\/montrer-lannonce\/#breadcrumb\"},\"inLanguage\":\"fr-FR\",\"potentialAction\":[{\"@type\":\"ReadAction\",\"target\":[\"https:\/\/rex-club-sauna.fr\/nimes\/another-wordpress-classifieds-plugin\/montrer-lannonce\/\"]}]},{\"@type\":\"BreadcrumbList\",\"@id\":\"https:\/\/rex-club-sauna.fr\/nimes\/another-wordpress-classifieds-plugin\/montrer-lannonce\/#breadcrumb\",\"itemListElement\":[{\"@type\":\"ListItem\",\"position\":1,\"name\":\"Accueil\",\"item\":\"https:\/\/rex-club-sauna.fr\/nimes\/\"},{\"@type\":\"ListItem\",\"position\":2,\"name\":\"another-wordpress-classifieds-plugin\",\"item\":\"https:\/\/rex-club-sauna.fr\/nimes\/another-wordpress-classifieds-plugin\/\"},{\"@type\":\"ListItem\",\"position\":3,\"name\":\"Cherche amant pour boite\"}]},{\"@type\":\"WebSite\",\"@id\":\"https:\/\/rex-club-sauna.fr\/nimes\/#website\",\"url\":\"https:\/\/rex-club-sauna.fr\/nimes\/\",\"name\":\"Rex Club Sauna\",\"description\":\"Sauna libertin et espace d\u00e9tente sur N\u00eemes\",\"potentialAction\":[{\"@type\":\"SearchAction\",\"target\":{\"@type\":\"EntryPoint\",\"urlTemplate\":\"https:\/\/rex-club-sauna.fr\/nimes\/?s={search_term_string}\"},\"query-input\":\"required name=search_term_string\"}],\"inLanguage\":\"fr-FR\"}]}<\/script>\n<!-- \/ Yoast SEO plugin. -->","yoast_head_json":{"title":"Montrer l'annonce - Rex Club Sauna","robots":{"index":"index","follow":"follow","max-snippet":"max-snippet:-1","max-image-preview":"max-image-preview:large","max-video-preview":"max-video-preview:-1"},"canonical":"https:\/\/rex-club-sauna.fr\/nimes\/another-wordpress-classifieds-plugin\/montrer-lannonce\/","og_locale":"fr_FR","og_type":"article","og_title":"Montrer l'annonce - Rex Club Sauna","og_url":"https:\/\/rex-club-sauna.fr\/nimes\/another-wordpress-classifieds-plugin\/montrer-lannonce\/","og_site_name":"Rex Club Sauna","article_modified_time":"2019-04-19T13:46:40+00:00","twitter_card":"summary_large_image","schema":{"@context":"https:\/\/schema.org","@graph":[{"@type":"WebPage","@id":"https:\/\/rex-club-sauna.fr\/nimes\/another-wordpress-classifieds-plugin\/montrer-lannonce\/","url":"https:\/\/rex-club-sauna.fr\/nimes\/another-wordpress-classifieds-plugin\/montrer-lannonce\/","name":"Montrer l'annonce - Rex Club Sauna","isPartOf":{"@id":"https:\/\/rex-club-sauna.fr\/nimes\/#website"},"datePublished":"2015-12-14T00:00:00+00:00","dateModified":"2019-04-19T13:46:40+00:00","breadcrumb":{"@id":"https:\/\/rex-club-sauna.fr\/nimes\/another-wordpress-classifieds-plugin\/montrer-lannonce\/#breadcrumb"},"inLanguage":"fr-FR","potentialAction":[{"@type":"ReadAction","target":["https:\/\/rex-club-sauna.fr\/nimes\/another-wordpress-classifieds-plugin\/montrer-lannonce\/"]}]},{"@type":"BreadcrumbList","@id":"https:\/\/rex-club-sauna.fr\/nimes\/another-wordpress-classifieds-plugin\/montrer-lannonce\/#breadcrumb","itemListElement":[{"@type":"ListItem","position":1,"name":"Accueil","item":"https:\/\/rex-club-sauna.fr\/nimes\/"},{"@type":"ListItem","position":2,"name":"another-wordpress-classifieds-plugin","item":"https:\/\/rex-club-sauna.fr\/nimes\/another-wordpress-classifieds-plugin\/"},{"@type":"ListItem","position":3,"name":"Cherche amant pour boite"}]},{"@type":"WebSite","@id":"https:\/\/rex-club-sauna.fr\/nimes\/#website","url":"https:\/\/rex-club-sauna.fr\/nimes\/","name":"Rex Club Sauna","description":"Sauna libertin et espace d\u00e9tente sur N\u00eemes","potentialAction":[{"@type":"SearchAction","target":{"@type":"EntryPoint","urlTemplate":"https:\/\/rex-club-sauna.fr\/nimes\/?s={search_term_string}"},"query-input":"required name=search_term_string"}],"inLanguage":"fr-FR"}]}},"_links":{"self":[{"href":"https:\/\/rex-club-sauna.fr\/nimes\/wp-json\/wp\/v2\/pages\/1067"}],"collection":[{"href":"https:\/\/rex-club-sauna.fr\/nimes\/wp-json\/wp\/v2\/pages"}],"about":[{"href":"https:\/\/rex-club-sauna.fr\/nimes\/wp-json\/wp\/v2\/types\/page"}],"author":[{"embeddable":true,"href":"https:\/\/rex-club-sauna.fr\/nimes\/wp-json\/wp\/v2\/users\/1"}],"replies":[{"embeddable":true,"href":"https:\/\/rex-club-sauna.fr\/nimes\/wp-json\/wp\/v2\/comments?post=1067"}],"version-history":[{"count":1,"href":"https:\/\/rex-club-sauna.fr\/nimes\/wp-json\/wp\/v2\/pages\/1067\/revisions"}],"predecessor-version":[{"id":5833,"href":"https:\/\/rex-club-sauna.fr\/nimes\/wp-json\/wp\/v2\/pages\/1067\/revisions\/5833"}],"up":[{"embeddable":true,"href":"https:\/\/rex-club-sauna.fr\/nimes\/wp-json\/wp\/v2\/pages\/1066"}],"wp:attachment":[{"href":"https:\/\/rex-club-sauna.fr\/nimes\/wp-json\/wp\/v2\/media?parent=1067"}],"curies":[{"name":"wp","href":"https:\/\/api.w.org\/{rel}","templated":true}]}}