{"id":11333,"date":"2022-05-29T22:45:47","date_gmt":"2022-05-29T20:45:47","guid":{"rendered":"https:\/\/www.lavillarex.com\/?page_id=115"},"modified":"2024-09-09T03:40:35","modified_gmt":"2024-09-09T01:40:35","slug":"sauna-libertin-arles","status":"publish","type":"page","link":"https:\/\/rex-club-sauna.fr\/nimes\/sauna-libertin-arles\/","title":{"rendered":"sauna libertin arles"},"content":{"rendered":"\n\n\t<p><a href=\"https:\/\/www.nouslib.com\/?caf=EEK7ZFQHE\"><img decoding=\"async\" loading=\"lazy\" title=\"Nouslibertins.com : Rencontres libertines pour libertins et echangistes\" src=\"https:\/\/www.nouslib.com\/assets\/banners\/banner_3.gif\" alt=\"NousLib.com - 1er reseau social libertin\" width=\"728\" height=\"90\" border=\"0\" \/><\/a><\/p>\n\t\t\t\t<img decoding=\"async\" src=\"https:\/\/www.lavillarex.com\/wp-content\/uploads\/2022\/06\/grand-degrade.png\" alt=\"photo\" itemprop=\"image\" title=\"photo\" onerror=\"this.style.display='none'\"  \/>\n\t<p>Sauna libertin et espace d\u00e9tente sur Arles<\/p>\n<p><strong>espace fumoir<\/strong><\/p>\n\t<p>Notre \u00e9quipe est d\u00e9vou\u00e9e \u00e0 vous offrir une exp\u00e9rience exceptionnelle, dans un environnement s\u00fbr, respectueux et propice \u00e0 la d\u00e9couverte de vos d\u00e9sirs et fantasmes.<\/p>\n\n<p>Au plaisir de vous accueillir prochainement \u00e0 la Villa REX, pour vous immerger dans un univers sensuel et raffin\u00e9, en toute discr\u00e9tion.<\/p>\n\t\t\t\t<img decoding=\"async\" loading=\"lazy\" src=\"https:\/\/www.lavillarex.com\/wp-content\/uploads\/2022\/05\/denis-01-1024x1024.jpg\" alt=\"denis-01\" itemprop=\"image\" height=\"1024\" width=\"1024\" title=\"denis-01\" onerror=\"this.style.display='none'\"  \/>\n\t<p>LE CLUB EST OUVERT TOUS LES JOURS<br \/>&#8212;&#8212;&#8212;&#8212;&#8212;&#8212;<br \/><strong>du Lundi au Jeudi <\/strong>DE 14H A 19H ET DE 21H A 01H<br \/><strong>Vendredi et Samedi <\/strong>DE 14H A 19H ET DE 21H A 03H<br \/><strong>DIMANCHE<\/strong> ET <strong>JOURS FERIES<\/strong> : NON STOP 15H A minuit<\/p>\n\t<h2>La Villa Rex vous souhaite la bienvenue<\/h2>\n<p>Bienvenue sur le site du club libertin sur Arles La Villa Rex.<br \/>Votre club est ouvert tous les jours<\/p>\n\t\t\t\t<a href=\"https:\/\/www.wyylde.com\/?shortid=LVRAIE93&#038;utm_source=la-villa-rex&#038;utm_medium=banner&#038;utm_campaign=DirectPartner\" target=\"_blank\" rel=\"noopener\" itemprop=\"url\">\n\t\t\t\t<img decoding=\"async\" loading=\"lazy\" src=\"https:\/\/www.lavillarex.com\/wp-content\/uploads\/2022\/05\/wyylde-4.gif\" alt=\"wyylde-4\" itemprop=\"image\" height=\"90\" width=\"728\" title=\"wyylde-4\" onerror=\"this.style.display='none'\"  \/>\n\t\t\t\t<\/a>\n\t\t\t\t<a href=\"http:\/\/www.enipse.fr\/hotline-prevention\/\" target=\"_blank\" rel=\"noopener\" itemprop=\"url\">\n\t\t\t\t<img decoding=\"async\" loading=\"lazy\" src=\"https:\/\/www.lavillarex.com\/wp-content\/uploads\/2022\/05\/enipse-1.jpg\" alt=\"enipse-1\" itemprop=\"image\" height=\"90\" width=\"728\" title=\"enipse-1\" onerror=\"this.style.display='none'\"  \/>\n\t\t\t\t<\/a>\n\t\t\t\t<a href=\"http:\/\/www.placelibertine.com\/?site=SITEID&#038;pro=0\" target=\"_blank\" rel=\"noopener\" itemprop=\"url\">\n\t\t\t\t<img decoding=\"async\" loading=\"lazy\" src=\"https:\/\/www.lavillarex.com\/wp-content\/uploads\/2022\/05\/placelibertine.jpg\" alt=\"placelibertine\" itemprop=\"image\" height=\"90\" width=\"728\" title=\"placelibertine\" onerror=\"this.style.display='none'\"  \/>\n\t\t\t\t<\/a>\n\n","protected":false},"excerpt":{"rendered":"<p>Sauna libertin et espace d\u00e9tente sur Arles espace fumoir Notre \u00e9quipe est d\u00e9vou\u00e9e \u00e0 vous offrir une exp\u00e9rience exceptionnelle, dans un environnement s\u00fbr, respectueux et propice \u00e0 la d\u00e9couverte de vos d\u00e9sirs et fantasmes. Au plaisir de vous accueillir prochainement \u00e0 la Villa REX, pour vous immerger dans un univers sensuel et raffin\u00e9, en toute&hellip;<\/p>\n","protected":false},"author":392,"featured_media":0,"parent":0,"menu_order":0,"comment_status":"closed","ping_status":"closed","template":"","meta":{"footnotes":""},"acf":[],"yoast_head":"<!-- This site is optimized with the Yoast SEO plugin v21.4 - https:\/\/yoast.com\/wordpress\/plugins\/seo\/ -->\n<title>Rex Club Sauna - sauna libertin et espace d\u00e9tente<\/title>\n<meta name=\"description\" content=\"Sauna Libertin sur Arles ouvert tous les jours - apr\u00e8s-midi et soir\u00e9es - Dimanche et les jours f\u00e9ri\u00e9s ouvert non stop de 15h \u00e0 minuit\" \/>\n<meta name=\"robots\" content=\"index, follow, max-snippet:-1, max-image-preview:large, max-video-preview:-1\" \/>\n<link rel=\"canonical\" href=\"https:\/\/rex-club-sauna.fr\/nimes\/sauna-libertin-arles\/\" \/>\n<meta property=\"og:locale\" content=\"fr_FR\" \/>\n<meta property=\"og:type\" content=\"article\" \/>\n<meta property=\"og:title\" content=\"Rex Club Sauna - sauna libertin et espace d\u00e9tente\" \/>\n<meta property=\"og:description\" content=\"Sauna Libertin sur Arles ouvert tous les jours - apr\u00e8s-midi et soir\u00e9es - Dimanche et les jours f\u00e9ri\u00e9s ouvert non stop de 15h \u00e0 minuit\" \/>\n<meta property=\"og:url\" content=\"https:\/\/rex-club-sauna.fr\/nimes\/sauna-libertin-arles\/\" \/>\n<meta property=\"og:site_name\" content=\"Rex Club Sauna\" \/>\n<meta property=\"article:modified_time\" content=\"2024-09-09T01:40:35+00:00\" \/>\n<meta property=\"og:image\" content=\"https:\/\/www.nouslib.com\/assets\/banners\/banner_3.gif\" \/>\n<meta name=\"twitter:card\" content=\"summary_large_image\" \/>\n<meta name=\"twitter:label1\" content=\"Dur\u00e9e de lecture estim\u00e9e\" \/>\n\t<meta name=\"twitter:data1\" content=\"2 minutes\" \/>\n<script type=\"application\/ld+json\" class=\"yoast-schema-graph\">{\"@context\":\"https:\/\/schema.org\",\"@graph\":[{\"@type\":\"WebPage\",\"@id\":\"https:\/\/rex-club-sauna.fr\/nimes\/sauna-libertin-arles\/\",\"url\":\"https:\/\/rex-club-sauna.fr\/nimes\/sauna-libertin-arles\/\",\"name\":\"Rex Club Sauna - sauna libertin et espace d\u00e9tente\",\"isPartOf\":{\"@id\":\"https:\/\/rex-club-sauna.fr\/nimes\/#website\"},\"datePublished\":\"2022-05-29T20:45:47+00:00\",\"dateModified\":\"2024-09-09T01:40:35+00:00\",\"description\":\"Sauna Libertin sur Arles ouvert tous les jours - apr\u00e8s-midi et soir\u00e9es - Dimanche et les jours f\u00e9ri\u00e9s ouvert non stop de 15h \u00e0 minuit\",\"breadcrumb\":{\"@id\":\"https:\/\/rex-club-sauna.fr\/nimes\/sauna-libertin-arles\/#breadcrumb\"},\"inLanguage\":\"fr-FR\",\"potentialAction\":[{\"@type\":\"ReadAction\",\"target\":[\"https:\/\/rex-club-sauna.fr\/nimes\/sauna-libertin-arles\/\"]}]},{\"@type\":\"BreadcrumbList\",\"@id\":\"https:\/\/rex-club-sauna.fr\/nimes\/sauna-libertin-arles\/#breadcrumb\",\"itemListElement\":[{\"@type\":\"ListItem\",\"position\":1,\"name\":\"Accueil\",\"item\":\"https:\/\/rex-club-sauna.fr\/nimes\/\"},{\"@type\":\"ListItem\",\"position\":2,\"name\":\"sauna libertin arles\"}]},{\"@type\":\"WebSite\",\"@id\":\"https:\/\/rex-club-sauna.fr\/nimes\/#website\",\"url\":\"https:\/\/rex-club-sauna.fr\/nimes\/\",\"name\":\"Rex Club Sauna\",\"description\":\"Sauna libertin et espace d\u00e9tente sur N\u00eemes\",\"potentialAction\":[{\"@type\":\"SearchAction\",\"target\":{\"@type\":\"EntryPoint\",\"urlTemplate\":\"https:\/\/rex-club-sauna.fr\/nimes\/?s={search_term_string}\"},\"query-input\":\"required name=search_term_string\"}],\"inLanguage\":\"fr-FR\"}]}<\/script>\n<!-- \/ Yoast SEO plugin. -->","yoast_head_json":{"title":"Rex Club Sauna - sauna libertin et espace d\u00e9tente","description":"Sauna Libertin sur Arles ouvert tous les jours - apr\u00e8s-midi et soir\u00e9es - Dimanche et les jours f\u00e9ri\u00e9s ouvert non stop de 15h \u00e0 minuit","robots":{"index":"index","follow":"follow","max-snippet":"max-snippet:-1","max-image-preview":"max-image-preview:large","max-video-preview":"max-video-preview:-1"},"canonical":"https:\/\/rex-club-sauna.fr\/nimes\/sauna-libertin-arles\/","og_locale":"fr_FR","og_type":"article","og_title":"Rex Club Sauna - sauna libertin et espace d\u00e9tente","og_description":"Sauna Libertin sur Arles ouvert tous les jours - apr\u00e8s-midi et soir\u00e9es - Dimanche et les jours f\u00e9ri\u00e9s ouvert non stop de 15h \u00e0 minuit","og_url":"https:\/\/rex-club-sauna.fr\/nimes\/sauna-libertin-arles\/","og_site_name":"Rex Club Sauna","article_modified_time":"2024-09-09T01:40:35+00:00","og_image":[{"url":"https:\/\/www.nouslib.com\/assets\/banners\/banner_3.gif"}],"twitter_card":"summary_large_image","twitter_misc":{"Dur\u00e9e de lecture estim\u00e9e":"2 minutes"},"schema":{"@context":"https:\/\/schema.org","@graph":[{"@type":"WebPage","@id":"https:\/\/rex-club-sauna.fr\/nimes\/sauna-libertin-arles\/","url":"https:\/\/rex-club-sauna.fr\/nimes\/sauna-libertin-arles\/","name":"Rex Club Sauna - sauna libertin et espace d\u00e9tente","isPartOf":{"@id":"https:\/\/rex-club-sauna.fr\/nimes\/#website"},"datePublished":"2022-05-29T20:45:47+00:00","dateModified":"2024-09-09T01:40:35+00:00","description":"Sauna Libertin sur Arles ouvert tous les jours - apr\u00e8s-midi et soir\u00e9es - Dimanche et les jours f\u00e9ri\u00e9s ouvert non stop de 15h \u00e0 minuit","breadcrumb":{"@id":"https:\/\/rex-club-sauna.fr\/nimes\/sauna-libertin-arles\/#breadcrumb"},"inLanguage":"fr-FR","potentialAction":[{"@type":"ReadAction","target":["https:\/\/rex-club-sauna.fr\/nimes\/sauna-libertin-arles\/"]}]},{"@type":"BreadcrumbList","@id":"https:\/\/rex-club-sauna.fr\/nimes\/sauna-libertin-arles\/#breadcrumb","itemListElement":[{"@type":"ListItem","position":1,"name":"Accueil","item":"https:\/\/rex-club-sauna.fr\/nimes\/"},{"@type":"ListItem","position":2,"name":"sauna libertin arles"}]},{"@type":"WebSite","@id":"https:\/\/rex-club-sauna.fr\/nimes\/#website","url":"https:\/\/rex-club-sauna.fr\/nimes\/","name":"Rex Club Sauna","description":"Sauna libertin et espace d\u00e9tente sur N\u00eemes","potentialAction":[{"@type":"SearchAction","target":{"@type":"EntryPoint","urlTemplate":"https:\/\/rex-club-sauna.fr\/nimes\/?s={search_term_string}"},"query-input":"required name=search_term_string"}],"inLanguage":"fr-FR"}]}},"_links":{"self":[{"href":"https:\/\/rex-club-sauna.fr\/nimes\/wp-json\/wp\/v2\/pages\/11333"}],"collection":[{"href":"https:\/\/rex-club-sauna.fr\/nimes\/wp-json\/wp\/v2\/pages"}],"about":[{"href":"https:\/\/rex-club-sauna.fr\/nimes\/wp-json\/wp\/v2\/types\/page"}],"author":[{"embeddable":true,"href":"https:\/\/rex-club-sauna.fr\/nimes\/wp-json\/wp\/v2\/users\/392"}],"replies":[{"embeddable":true,"href":"https:\/\/rex-club-sauna.fr\/nimes\/wp-json\/wp\/v2\/comments?post=11333"}],"version-history":[{"count":2,"href":"https:\/\/rex-club-sauna.fr\/nimes\/wp-json\/wp\/v2\/pages\/11333\/revisions"}],"predecessor-version":[{"id":14484,"href":"https:\/\/rex-club-sauna.fr\/nimes\/wp-json\/wp\/v2\/pages\/11333\/revisions\/14484"}],"wp:attachment":[{"href":"https:\/\/rex-club-sauna.fr\/nimes\/wp-json\/wp\/v2\/media?parent=11333"}],"curies":[{"name":"wp","href":"https:\/\/api.w.org\/{rel}","templated":true}]}}