{"id":7,"date":"2014-04-24T08:57:13","date_gmt":"2014-04-24T07:57:13","guid":{"rendered":"http:\/\/rex-club-sauna.fr\/nimes\/?page_id=7"},"modified":"2016-05-25T09:59:05","modified_gmt":"2016-05-25T07:59:05","slug":"notre-philosophie","status":"publish","type":"page","link":"https:\/\/rex-club-sauna.fr\/nimes\/notre-philosophie\/","title":{"rendered":"NOTRE PHILOSOPHIE"},"content":{"rendered":"<p><img decoding=\"async\" loading=\"lazy\" class=\"alignnone size-full wp-image-219\" src=\"http:\/\/rex-club-sauna.fr\/nimes\/wp-content\/uploads\/philosophie1-1.jpg\" alt=\"philosophie\" width=\"1198\" height=\"272\" \/><\/p>\n<p style=\"font-family: 'dock11regular'; font-size: 20px; text-align: center;\">LE REX <span style=\"color: #b800d9;\">CLUB<\/span> SAUNA<\/p>\n<p style=\"font-family: 'dock11regular'; font-size: 20px; text-align: center;\">VOUS ACCUEILLE<\/p>\n<p style=\"font-family: 'dock11regular'; font-size: 20px; text-align: center;\"><span style=\"color: #b800d9;\">7 JOUR SUR 7 <\/span><\/p>\n<p style=\"font-family: 'dock11regular'; font-size: 20px; text-align: center;\">DANS UN CADRE COSY ET ELEGANT <span style=\"color: #b800d9;\">DE 550 M\u00b2.<\/span><\/p>\n<p>&nbsp;<\/p>\n<p style=\"font-family: 'dock11regular'; font-size: 20px; text-align: center;\">\n<p style=\"font-family: 'dock11regular'; font-size: 24px;\"><span style=\"color: #b800d9;\">REGLEMENT INTERIEUR REX CLUB SAUNA<br \/>\n<\/span><\/p>\n<p style=\"text-align: justify;\">Vous devez \u00eatre \u00e2g\u00e9 <strong>de 18 ans minimum<\/strong> pour acc\u00e9der \u00e0 l&rsquo;\u00e9tablissement&#8230; La direction se r\u00e9serve le droit d&rsquo;entr\u00e9e, l&rsquo;entr\u00e9e des hommes seuls se fera en fonction du nombre de couples pr\u00e9sents dans l&rsquo;\u00e9tablissement. Quelque soit le nombre de personnes \u00e0 l&rsquo;int\u00e9rieur de l&rsquo;\u00e9tablissement une fois l&rsquo;entr\u00e9e effectu\u00e9e, celle-ci ne sera en aucun cas rembours\u00e9e, sous pr\u00e9texte qu&rsquo;il n&rsquo;y a pas assez ou trop de monde.<\/p>\n<p>Le prix comprend l&rsquo;utilisation des installations, la mise \u00e0 disposition d&rsquo;une serviette par personne, ainsi que d&rsquo;un casier fermant \u00e0 clefs. Toute demande abusive de serviette suppl\u00e9mentaire vous sera factur\u00e9e 1 \u20ac. La panne d&rsquo;un appareil (sauna, hammam, vid\u00e9o, hifi&#8230;) parvenue en cours de journ\u00e9e, et signal\u00e9e \u00e0 l&rsquo;entr\u00e9e (vous \u00eates libres de nous demander avant d&rsquo;entrer les temp\u00e9ratures des diff\u00e9rentes activit\u00e9s) ne pourra \u00eatre pr\u00e9texte \u00e0 rembourser tout ou partie du prix d&rsquo;entr\u00e9e. La r\u00e8gle principale reste le RESPECT (de vous-m\u00eame, des autres membres et surtout des femmes, du personnel, des lieux, et des r\u00e8gles internes du club Rex Club sauna).<\/p>\n<p>Vous \u00eates tenus de respecter le calme, la dignit\u00e9 et la courtoisie, ainsi que les r\u00e8gles \u00e9videntes de discr\u00e9tion de la vie priv\u00e9e des autres membres (pour vivre heureux, soyons discrets, de ce fait la possession et l&rsquo;usage du t\u00e9l\u00e9phone \u00a0portable ainsi que de l&rsquo;appareil photo est interdit \u00e0 l&rsquo;int\u00e9rieur ; en cas d&rsquo;urgence adressez-vous \u00e0 l&rsquo;accueil.). Vous \u00eates conscient que vous entrez dans un \u00e9tablissement non fumeur.<\/p>\n<p>Le Rex Club Sauna est un lieu aquatique, un club humide, les sols sont donc glissants, merci de ne pas courir au risque de vous blesser. Toute substance illicite de quelque nature qu&rsquo;elle soit, est strictement interdite.<br \/>\nLa prostitution le racolage sont eux aussi strictement interdits et de plus, punis par la loi, les boissons sont \u00e0 discr\u00e9tion&#8230; C&rsquo;est \u00e0 dire que la direction ou son personnel se r\u00e9serve le droit de ne plus vous servir de boissons et ce, d\u00e8s qu&rsquo;elle l&rsquo;estime n\u00e9cessaire en fonction de votre \u00e9tat et de l&rsquo;horaire.<\/p>\n<p>L&rsquo;acc\u00e8s \u00e0 l&rsquo;\u00e9tablissement est soumis aux r\u00e8gles d&rsquo;hygi\u00e8ne : prenez une douche avant et apr\u00e8s, et entre chaque rapport. La nudit\u00e9 est obligatoire sous vos draps de bain et par\u00e9os qui sont mis \u00e0 votre disposition &#8211; faites en bon usage. Le club d\u00e9cline toute responsabilit\u00e9 en cas de perte ou vol, que ce soit dans la rue ou dans l&rsquo;enceinte du club. Vous \u00eates responsables de votre cl\u00e9 de vestiaire, sa perte vous occasionnera des frais de 20 \u20ac pour remplacer la serrure &#8230;<\/p>\n<p style=\"text-align: justify;\"><span style=\"color: #ff0000;\">&#8230; La direction se r\u00e9serve le droit d&rsquo;exclure toute personne en cas de non respect de ce r\u00e8glement.<\/span><\/p>\n<p>&nbsp;<\/p>\n<p style=\"text-align: right;\">La direction.<\/p>\n","protected":false},"excerpt":{"rendered":"<p>LE REX CLUB SAUNA VOUS ACCUEILLE 7 JOUR SUR 7 DANS UN CADRE COSY ET ELEGANT DE 550 M\u00b2. &nbsp; REGLEMENT INTERIEUR REX CLUB SAUNA Vous devez \u00eatre \u00e2g\u00e9 de 18 ans minimum pour acc\u00e9der \u00e0 l&rsquo;\u00e9tablissement&#8230; La direction se r\u00e9serve le droit d&rsquo;entr\u00e9e, l&rsquo;entr\u00e9e des hommes seuls se fera en fonction du nombre de&hellip;<\/p>\n","protected":false},"author":1,"featured_media":81,"parent":0,"menu_order":0,"comment_status":"open","ping_status":"open","template":"","meta":{"footnotes":""},"acf":[],"yoast_head":"<!-- This site is optimized with the Yoast SEO plugin v21.4 - https:\/\/yoast.com\/wordpress\/plugins\/seo\/ -->\n<title>Notre Philosophie - Rex Club Sauna - nimes 34 H\u00e9rault<\/title>\n<meta name=\"description\" content=\"Le Rex Club Sauna vous accueille 7 jours sur 7 dans un cadre cosy et \u00e9l\u00e9gant de 550 m2. Notre Philosophie - nimes 34 H\u00e9rault - club libertin, initiation SM, SM, Gang Bang\" \/>\n<meta name=\"robots\" content=\"index, follow, max-snippet:-1, max-image-preview:large, max-video-preview:-1\" \/>\n<link rel=\"canonical\" href=\"https:\/\/rex-club-sauna.fr\/nimes\/notre-philosophie\/\" \/>\n<meta property=\"og:locale\" content=\"fr_FR\" \/>\n<meta property=\"og:type\" content=\"article\" \/>\n<meta property=\"og:title\" content=\"Notre Philosophie - Rex Club Sauna - nimes 34 H\u00e9rault\" \/>\n<meta property=\"og:description\" content=\"Le Rex Club Sauna vous accueille 7 jours sur 7 dans un cadre cosy et \u00e9l\u00e9gant de 550 m2. Notre Philosophie - nimes 34 H\u00e9rault - club libertin, initiation SM, SM, Gang Bang\" \/>\n<meta property=\"og:url\" content=\"https:\/\/rex-club-sauna.fr\/nimes\/notre-philosophie\/\" \/>\n<meta property=\"og:site_name\" content=\"Rex Club Sauna\" \/>\n<meta property=\"article:modified_time\" content=\"2016-05-25T07:59:05+00:00\" \/>\n<meta property=\"og:image\" content=\"https:\/\/rex-club-sauna.fr\/nimes\/wp-content\/uploads\/philosophie.png\" \/>\n\t<meta property=\"og:image:width\" content=\"182\" \/>\n\t<meta property=\"og:image:height\" content=\"140\" \/>\n\t<meta property=\"og:image:type\" content=\"image\/png\" \/>\n<meta name=\"twitter:card\" content=\"summary_large_image\" \/>\n<meta name=\"twitter:label1\" content=\"Dur\u00e9e de lecture estim\u00e9e\" \/>\n\t<meta name=\"twitter:data1\" content=\"2 minutes\" \/>\n<script type=\"application\/ld+json\" class=\"yoast-schema-graph\">{\"@context\":\"https:\/\/schema.org\",\"@graph\":[{\"@type\":\"WebPage\",\"@id\":\"https:\/\/rex-club-sauna.fr\/nimes\/notre-philosophie\/\",\"url\":\"https:\/\/rex-club-sauna.fr\/nimes\/notre-philosophie\/\",\"name\":\"Notre Philosophie - Rex Club Sauna - nimes 34 H\u00e9rault\",\"isPartOf\":{\"@id\":\"https:\/\/rex-club-sauna.fr\/nimes\/#website\"},\"datePublished\":\"2014-04-24T07:57:13+00:00\",\"dateModified\":\"2016-05-25T07:59:05+00:00\",\"description\":\"Le Rex Club Sauna vous accueille 7 jours sur 7 dans un cadre cosy et \u00e9l\u00e9gant de 550 m2. Notre Philosophie - nimes 34 H\u00e9rault - club libertin, initiation SM, SM, Gang Bang\",\"breadcrumb\":{\"@id\":\"https:\/\/rex-club-sauna.fr\/nimes\/notre-philosophie\/#breadcrumb\"},\"inLanguage\":\"fr-FR\",\"potentialAction\":[{\"@type\":\"ReadAction\",\"target\":[\"https:\/\/rex-club-sauna.fr\/nimes\/notre-philosophie\/\"]}]},{\"@type\":\"BreadcrumbList\",\"@id\":\"https:\/\/rex-club-sauna.fr\/nimes\/notre-philosophie\/#breadcrumb\",\"itemListElement\":[{\"@type\":\"ListItem\",\"position\":1,\"name\":\"Accueil\",\"item\":\"https:\/\/rex-club-sauna.fr\/nimes\/\"},{\"@type\":\"ListItem\",\"position\":2,\"name\":\"NOTRE PHILOSOPHIE\"}]},{\"@type\":\"WebSite\",\"@id\":\"https:\/\/rex-club-sauna.fr\/nimes\/#website\",\"url\":\"https:\/\/rex-club-sauna.fr\/nimes\/\",\"name\":\"Rex Club Sauna\",\"description\":\"Sauna libertin et espace d\u00e9tente sur N\u00eemes\",\"potentialAction\":[{\"@type\":\"SearchAction\",\"target\":{\"@type\":\"EntryPoint\",\"urlTemplate\":\"https:\/\/rex-club-sauna.fr\/nimes\/?s={search_term_string}\"},\"query-input\":\"required name=search_term_string\"}],\"inLanguage\":\"fr-FR\"}]}<\/script>\n<!-- \/ Yoast SEO plugin. -->","yoast_head_json":{"title":"Notre Philosophie - Rex Club Sauna - nimes 34 H\u00e9rault","description":"Le Rex Club Sauna vous accueille 7 jours sur 7 dans un cadre cosy et \u00e9l\u00e9gant de 550 m2. Notre Philosophie - nimes 34 H\u00e9rault - club libertin, initiation SM, SM, Gang Bang","robots":{"index":"index","follow":"follow","max-snippet":"max-snippet:-1","max-image-preview":"max-image-preview:large","max-video-preview":"max-video-preview:-1"},"canonical":"https:\/\/rex-club-sauna.fr\/nimes\/notre-philosophie\/","og_locale":"fr_FR","og_type":"article","og_title":"Notre Philosophie - Rex Club Sauna - nimes 34 H\u00e9rault","og_description":"Le Rex Club Sauna vous accueille 7 jours sur 7 dans un cadre cosy et \u00e9l\u00e9gant de 550 m2. Notre Philosophie - nimes 34 H\u00e9rault - club libertin, initiation SM, SM, Gang Bang","og_url":"https:\/\/rex-club-sauna.fr\/nimes\/notre-philosophie\/","og_site_name":"Rex Club Sauna","article_modified_time":"2016-05-25T07:59:05+00:00","og_image":[{"width":182,"height":140,"url":"https:\/\/rex-club-sauna.fr\/nimes\/wp-content\/uploads\/philosophie.png","type":"image\/png"}],"twitter_card":"summary_large_image","twitter_misc":{"Dur\u00e9e de lecture estim\u00e9e":"2 minutes"},"schema":{"@context":"https:\/\/schema.org","@graph":[{"@type":"WebPage","@id":"https:\/\/rex-club-sauna.fr\/nimes\/notre-philosophie\/","url":"https:\/\/rex-club-sauna.fr\/nimes\/notre-philosophie\/","name":"Notre Philosophie - Rex Club Sauna - nimes 34 H\u00e9rault","isPartOf":{"@id":"https:\/\/rex-club-sauna.fr\/nimes\/#website"},"datePublished":"2014-04-24T07:57:13+00:00","dateModified":"2016-05-25T07:59:05+00:00","description":"Le Rex Club Sauna vous accueille 7 jours sur 7 dans un cadre cosy et \u00e9l\u00e9gant de 550 m2. Notre Philosophie - nimes 34 H\u00e9rault - club libertin, initiation SM, SM, Gang Bang","breadcrumb":{"@id":"https:\/\/rex-club-sauna.fr\/nimes\/notre-philosophie\/#breadcrumb"},"inLanguage":"fr-FR","potentialAction":[{"@type":"ReadAction","target":["https:\/\/rex-club-sauna.fr\/nimes\/notre-philosophie\/"]}]},{"@type":"BreadcrumbList","@id":"https:\/\/rex-club-sauna.fr\/nimes\/notre-philosophie\/#breadcrumb","itemListElement":[{"@type":"ListItem","position":1,"name":"Accueil","item":"https:\/\/rex-club-sauna.fr\/nimes\/"},{"@type":"ListItem","position":2,"name":"NOTRE PHILOSOPHIE"}]},{"@type":"WebSite","@id":"https:\/\/rex-club-sauna.fr\/nimes\/#website","url":"https:\/\/rex-club-sauna.fr\/nimes\/","name":"Rex Club Sauna","description":"Sauna libertin et espace d\u00e9tente sur N\u00eemes","potentialAction":[{"@type":"SearchAction","target":{"@type":"EntryPoint","urlTemplate":"https:\/\/rex-club-sauna.fr\/nimes\/?s={search_term_string}"},"query-input":"required name=search_term_string"}],"inLanguage":"fr-FR"}]}},"_links":{"self":[{"href":"https:\/\/rex-club-sauna.fr\/nimes\/wp-json\/wp\/v2\/pages\/7"}],"collection":[{"href":"https:\/\/rex-club-sauna.fr\/nimes\/wp-json\/wp\/v2\/pages"}],"about":[{"href":"https:\/\/rex-club-sauna.fr\/nimes\/wp-json\/wp\/v2\/types\/page"}],"author":[{"embeddable":true,"href":"https:\/\/rex-club-sauna.fr\/nimes\/wp-json\/wp\/v2\/users\/1"}],"replies":[{"embeddable":true,"href":"https:\/\/rex-club-sauna.fr\/nimes\/wp-json\/wp\/v2\/comments?post=7"}],"version-history":[{"count":0,"href":"https:\/\/rex-club-sauna.fr\/nimes\/wp-json\/wp\/v2\/pages\/7\/revisions"}],"wp:featuredmedia":[{"embeddable":true,"href":"https:\/\/rex-club-sauna.fr\/nimes\/wp-json\/wp\/v2\/media\/81"}],"wp:attachment":[{"href":"https:\/\/rex-club-sauna.fr\/nimes\/wp-json\/wp\/v2\/media?parent=7"}],"curies":[{"name":"wp","href":"https:\/\/api.w.org\/{rel}","templated":true}]}}